{"id":99,"date":"2018-11-25T16:41:50","date_gmt":"2018-11-25T16:41:50","guid":{"rendered":"http:\/\/aluminiosdiazcarballo.com\/?page_id=99"},"modified":"2025-03-04T08:25:50","modified_gmt":"2025-03-04T08:25:50","slug":"nuestra-empresa","status":"publish","type":"page","link":"https:\/\/aluminiosdiazcarballo.com\/index.php\/nuestra-empresa\/","title":{"rendered":""},"content":{"rendered":"<h3 style=\"text-align: center;\"><strong>NUESTRA EMPRESA<\/strong><\/h3>\n<p>Aluminios D\u00edaz Carballo en una empresa ubicada en Tenerife con mas de 20 a\u00f1os de experiencia en el sector de la carpinter\u00eda de aluminio y el cristal.<\/p>\n<p>En la actualidad nuestros servicios\u00a0 est\u00e1n dirigidos a diversos clientes\u00a0 tales como: viviendas nuevas y reformas , obras peque\u00f1as, y grandes proyectos de obra, tanto publica como privada.<\/p>\n<p>Nuestro objetivo es\u00a0 ofrecer un servicio y un producto diferenciado. Para ello estamos en constante b\u00fasqueda de materiales novedosos y sistemas de vanguardia. Trabajamos diariamente en investigaci\u00f3n de mercado para ofrecer lo \u00faltimo y las mejores soluciones.<\/p>\n","protected":false},"excerpt":{"rendered":"<p>NUESTRA EMPRESA Aluminios D\u00edaz Carballo en una empresa ubicada en Tenerife con mas de 20 a\u00f1os de experiencia en el sector de la carpinter\u00eda de aluminio y el cristal. En la actualidad nuestros servicios\u00a0 est\u00e1n dirigidos a diversos clientes\u00a0 tales como: viviendas nuevas y reformas , obras peque\u00f1as, y grandes proyectos de obra, tanto publica [&hellip;]<\/p>\n","protected":false},"author":2,"featured_media":0,"parent":0,"menu_order":0,"comment_status":"closed","ping_status":"closed","template":"","meta":{"footnotes":""},"class_list":["post-99","page","type-page","status-publish","hentry"],"_links":{"self":[{"href":"https:\/\/aluminiosdiazcarballo.com\/index.php\/wp-json\/wp\/v2\/pages\/99","targetHints":{"allow":["GET"]}}],"collection":[{"href":"https:\/\/aluminiosdiazcarballo.com\/index.php\/wp-json\/wp\/v2\/pages"}],"about":[{"href":"https:\/\/aluminiosdiazcarballo.com\/index.php\/wp-json\/wp\/v2\/types\/page"}],"author":[{"embeddable":true,"href":"https:\/\/aluminiosdiazcarballo.com\/index.php\/wp-json\/wp\/v2\/users\/2"}],"replies":[{"embeddable":true,"href":"https:\/\/aluminiosdiazcarballo.com\/index.php\/wp-json\/wp\/v2\/comments?post=99"}],"version-history":[{"count":17,"href":"https:\/\/aluminiosdiazcarballo.com\/index.php\/wp-json\/wp\/v2\/pages\/99\/revisions"}],"predecessor-version":[{"id":540,"href":"https:\/\/aluminiosdiazcarballo.com\/index.php\/wp-json\/wp\/v2\/pages\/99\/revisions\/540"}],"wp:attachment":[{"href":"https:\/\/aluminiosdiazcarballo.com\/index.php\/wp-json\/wp\/v2\/media?parent=99"}],"curies":[{"name":"wp","href":"https:\/\/api.w.org\/{rel}","templated":true}]}}